{"id":369,"date":"2023-07-18T13:30:18","date_gmt":"2023-07-18T13:30:18","guid":{"rendered":"https:\/\/conticertocontabilidade.com.br\/?page_id=369"},"modified":"2024-09-24T19:14:26","modified_gmt":"2024-09-24T19:14:26","slug":"servicos","status":"publish","type":"page","link":"https:\/\/conticertocontabilidade.com.br\/?page_id=369","title":{"rendered":"Servi\u00e7os"},"content":{"rendered":"\t\t<div data-elementor-type=\"wp-page\" data-elementor-id=\"369\" class=\"elementor elementor-369\" data-elementor-post-type=\"page\">\n\t\t\t\t\t\t<section class=\"elementor-section elementor-top-section elementor-element elementor-element-227744a elementor-section-full_width elementor-section-stretched elementor-section-height-default elementor-section-height-default\" data-id=\"227744a\" data-element_type=\"section\" data-settings=\"{&quot;stretch_section&quot;:&quot;section-stretched&quot;,&quot;background_background&quot;:&quot;classic&quot;}\">\n\t\t\t\t\t\t\t<div class=\"elementor-background-overlay\"><\/div>\n\t\t\t\t\t\t\t<div class=\"elementor-container elementor-column-gap-no\">\n\t\t\t\t\t<div class=\"aux-parallax-section elementor-column elementor-col-100 elementor-top-column elementor-element elementor-element-5bb988f\" data-id=\"5bb988f\" data-element_type=\"column\">\n\t\t\t<div class=\"elementor-widget-wrap elementor-element-populated\">\n\t\t\t\t\t\t\t<\/div>\n\t\t<\/div>\n\t\t\t\t\t<\/div>\n\t\t<\/section>\n\t\t\t\t<section class=\"elementor-section elementor-top-section elementor-element elementor-element-33c4e51 elementor-section-boxed elementor-section-height-default elementor-section-height-default\" data-id=\"33c4e51\" data-element_type=\"section\">\n\t\t\t\t\t\t<div class=\"elementor-container elementor-column-gap-default\">\n\t\t\t\t\t<div class=\"aux-parallax-section elementor-column elementor-col-100 elementor-top-column elementor-element elementor-element-274e554\" data-id=\"274e554\" data-element_type=\"column\">\n\t\t\t<div class=\"elementor-widget-wrap elementor-element-populated\">\n\t\t\t\t\t\t<section class=\"elementor-section elementor-inner-section elementor-element elementor-element-ceee7b4 elementor-section-boxed elementor-section-height-default elementor-section-height-default\" data-id=\"ceee7b4\" data-element_type=\"section\">\n\t\t\t\t\t\t<div class=\"elementor-container elementor-column-gap-default\">\n\t\t\t\t\t<div class=\"aux-parallax-section elementor-column elementor-col-100 elementor-inner-column elementor-element elementor-element-9c260d8\" data-id=\"9c260d8\" data-element_type=\"column\">\n\t\t\t<div class=\"elementor-widget-wrap elementor-element-populated\">\n\t\t\t\t\t\t<div class=\"elementor-element elementor-element-9ace250 elementor-position-left elementor-vertical-align-middle elementor-widget elementor-widget-image-box\" data-id=\"9ace250\" data-element_type=\"widget\" data-widget_type=\"image-box.default\">\n\t\t\t\t<div class=\"elementor-widget-container\">\n\t\t\t<div class=\"elementor-image-box-wrapper\"><figure class=\"elementor-image-box-img\"><img fetchpriority=\"high\" decoding=\"async\" width=\"1380\" height=\"920\" src=\"https:\/\/conticertocontabilidade.com.br\/wp-content\/uploads\/2023\/07\/adm.jpg\" class=\"attachment-full size-full wp-image-377\" alt=\"\" srcset=\"https:\/\/conticertocontabilidade.com.br\/wp-content\/uploads\/2023\/07\/adm.jpg 1380w, https:\/\/conticertocontabilidade.com.br\/wp-content\/uploads\/2023\/07\/adm-200x133.jpg 200w\" \/><\/figure><div class=\"elementor-image-box-content\"><h3 class=\"elementor-image-box-title\">Administra\u00e7\u00e3o Empresarial<\/h3><p class=\"elementor-image-box-description\">A abertura de uma empresa consiste num processo com v\u00e1rias fases e pagamento de taxas e declara\u00e7\u00f5es \u00e0 Receita Federal.\n\nCuidamos de todo esse processo para voc\u00ea, ou seja, com a entrega dos documentos corretos, n\u00f3s devolvemos a documenta\u00e7\u00e3o necess\u00e1ria para o funcionamento de sua empresa, como o CNPJ (Cadastro Nacional da Pessoa Jur\u00eddica), entre outros.<\/p><\/div><\/div>\t\t<\/div>\n\t\t\t\t<\/div>\n\t\t\t\t\t<\/div>\n\t\t<\/div>\n\t\t\t\t\t<\/div>\n\t\t<\/section>\n\t\t\t\t<section class=\"elementor-section elementor-inner-section elementor-element elementor-element-3e8005e elementor-section-boxed elementor-section-height-default elementor-section-height-default\" data-id=\"3e8005e\" data-element_type=\"section\">\n\t\t\t\t\t\t<div class=\"elementor-container elementor-column-gap-default\">\n\t\t\t\t\t<div class=\"aux-parallax-section elementor-column elementor-col-100 elementor-inner-column elementor-element elementor-element-9d1f726\" data-id=\"9d1f726\" data-element_type=\"column\">\n\t\t\t<div class=\"elementor-widget-wrap elementor-element-populated\">\n\t\t\t\t\t\t<div class=\"elementor-element elementor-element-9c24eed elementor-position-left elementor-vertical-align-middle elementor-widget elementor-widget-image-box\" data-id=\"9c24eed\" data-element_type=\"widget\" data-widget_type=\"image-box.default\">\n\t\t\t\t<div class=\"elementor-widget-container\">\n\t\t\t<div class=\"elementor-image-box-wrapper\"><figure class=\"elementor-image-box-img\"><img decoding=\"async\" width=\"1380\" height=\"920\" src=\"https:\/\/conticertocontabilidade.com.br\/wp-content\/uploads\/2023\/07\/cont.jpg\" class=\"attachment-full size-full wp-image-378\" alt=\"\" srcset=\"https:\/\/conticertocontabilidade.com.br\/wp-content\/uploads\/2023\/07\/cont.jpg 1380w, https:\/\/conticertocontabilidade.com.br\/wp-content\/uploads\/2023\/07\/cont-200x133.jpg 200w\" \/><\/figure><div class=\"elementor-image-box-content\"><h3 class=\"elementor-image-box-title\">CONSULTORIA CONT\u00c1BIL<\/h3><p class=\"elementor-image-box-description\">Elabora\u00e7\u00e3o de pe\u00e7as cont\u00e1beis, tais como:<br><br>\n\n\u25aa Balancetes;<br>\n\u25aa Raz\u00e3o;<br>\n\u25aa Demonstrativos;<br>\n\u25aa Escritura\u00e7\u00e3o de livro-caixa e\/ou di\u00e1rio;<br>\n\u25aa Emiss\u00e3o de Balan\u00e7o Patrimonial;<br>\n\u25aa Levantamento de balancetes de verifica\u00e7\u00e3o;<br>\n\u25aa Outros.<\/p><\/div><\/div>\t\t<\/div>\n\t\t\t\t<\/div>\n\t\t\t\t\t<\/div>\n\t\t<\/div>\n\t\t\t\t\t<\/div>\n\t\t<\/section>\n\t\t\t\t<section class=\"elementor-section elementor-inner-section elementor-element elementor-element-88d907e elementor-section-boxed elementor-section-height-default elementor-section-height-default\" data-id=\"88d907e\" data-element_type=\"section\">\n\t\t\t\t\t\t<div class=\"elementor-container elementor-column-gap-default\">\n\t\t\t\t\t<div class=\"aux-parallax-section elementor-column elementor-col-100 elementor-inner-column elementor-element elementor-element-e31ab81\" data-id=\"e31ab81\" data-element_type=\"column\">\n\t\t\t<div class=\"elementor-widget-wrap elementor-element-populated\">\n\t\t\t\t\t\t<div class=\"elementor-element elementor-element-1447a27 elementor-position-left elementor-vertical-align-middle elementor-widget elementor-widget-image-box\" data-id=\"1447a27\" data-element_type=\"widget\" data-widget_type=\"image-box.default\">\n\t\t\t\t<div class=\"elementor-widget-container\">\n\t\t\t<div class=\"elementor-image-box-wrapper\"><figure class=\"elementor-image-box-img\"><img decoding=\"async\" width=\"1380\" height=\"920\" src=\"https:\/\/conticertocontabilidade.com.br\/wp-content\/uploads\/2023\/07\/rh.jpg\" class=\"attachment-full size-full wp-image-380\" alt=\"\" srcset=\"https:\/\/conticertocontabilidade.com.br\/wp-content\/uploads\/2023\/07\/rh.jpg 1380w, https:\/\/conticertocontabilidade.com.br\/wp-content\/uploads\/2023\/07\/rh-200x133.jpg 200w\" \/><\/figure><div class=\"elementor-image-box-content\"><h3 class=\"elementor-image-box-title\">RECURSOS HUMANOS<\/h3><p class=\"elementor-image-box-description\">A rotina trabalhista \u00e9 uma das mais importantes de uma empresa, e uma das rotinas com maior n\u00famero de obriga\u00e7\u00f5es e declara\u00e7\u00f5es.\n\nPor isso oferecemos assessoria trabalhista, fazendo um acompanhamento completo de todas as obriga\u00e7\u00f5es trabalhistas, desde a admiss\u00e3o do funcion\u00e1rio at\u00e9 sua demiss\u00e3o, como a parte de INSS, FGTS, CAGED e outros. O servi\u00e7o \u00e9 informatizado e atualizado conforme a legisla\u00e7\u00e3o.<\/p><\/div><\/div>\t\t<\/div>\n\t\t\t\t<\/div>\n\t\t\t\t\t<\/div>\n\t\t<\/div>\n\t\t\t\t\t<\/div>\n\t\t<\/section>\n\t\t\t\t<section class=\"elementor-section elementor-inner-section elementor-element elementor-element-1ef317e elementor-section-boxed elementor-section-height-default elementor-section-height-default\" data-id=\"1ef317e\" data-element_type=\"section\">\n\t\t\t\t\t\t<div class=\"elementor-container elementor-column-gap-default\">\n\t\t\t\t\t<div class=\"aux-parallax-section elementor-column elementor-col-100 elementor-inner-column elementor-element elementor-element-a91734f\" data-id=\"a91734f\" data-element_type=\"column\">\n\t\t\t<div class=\"elementor-widget-wrap elementor-element-populated\">\n\t\t\t\t\t\t<div class=\"elementor-element elementor-element-dcc148b elementor-position-left elementor-vertical-align-middle elementor-widget elementor-widget-image-box\" data-id=\"dcc148b\" data-element_type=\"widget\" data-widget_type=\"image-box.default\">\n\t\t\t\t<div class=\"elementor-widget-container\">\n\t\t\t<div class=\"elementor-image-box-wrapper\"><figure class=\"elementor-image-box-img\"><img loading=\"lazy\" decoding=\"async\" width=\"1380\" height=\"920\" src=\"https:\/\/conticertocontabilidade.com.br\/wp-content\/uploads\/2023\/07\/fiscal.jpg\" class=\"attachment-full size-full wp-image-379\" alt=\"\" srcset=\"https:\/\/conticertocontabilidade.com.br\/wp-content\/uploads\/2023\/07\/fiscal.jpg 1380w, https:\/\/conticertocontabilidade.com.br\/wp-content\/uploads\/2023\/07\/fiscal-200x133.jpg 200w\" \/><\/figure><div class=\"elementor-image-box-content\"><h3 class=\"elementor-image-box-title\">ASSESSORIA FISCAL<\/h3><p class=\"elementor-image-box-description\">\u25aa Atendimento das obriga\u00e7\u00f5es acess\u00f3rias;<br>\n\u25aa Elabora\u00e7\u00e3o de todas as obriga\u00e7\u00f5es fiscais relativas ao Estado: GIA, ICMS, DIPI, DIPAM e TLIF;<br>\n\u25aa Elabora\u00e7\u00e3o da DCTF: Declara\u00e7\u00e3o de D\u00e9bitos e Cr\u00e9ditos Tribut\u00e1rios, Federais \u2013 Trimestral;<br>\n\u25aa Elabora\u00e7\u00e3o da Declara\u00e7\u00e3o Simplificada: para empresas optantes pelo Simples e Inativas;<br>\n\u25aa Apura\u00e7\u00e3o dos impostos de empresa do Simples;<br>\n\u25aa Outros.<\/p><\/div><\/div>\t\t<\/div>\n\t\t\t\t<\/div>\n\t\t\t\t\t<\/div>\n\t\t<\/div>\n\t\t\t\t\t<\/div>\n\t\t<\/section>\n\t\t\t\t\t<\/div>\n\t\t<\/div>\n\t\t\t\t\t<\/div>\n\t\t<\/section>\n\t\t\t\t<section class=\"elementor-section elementor-top-section elementor-element elementor-element-aa20fb6 elementor-section-full_width elementor-section-stretched elementor-section-height-default elementor-section-height-default\" data-id=\"aa20fb6\" data-element_type=\"section\" data-settings=\"{&quot;stretch_section&quot;:&quot;section-stretched&quot;}\">\n\t\t\t\t\t\t<div class=\"elementor-container elementor-column-gap-no\">\n\t\t\t\t\t<div class=\"aux-parallax-section elementor-column elementor-col-100 elementor-top-column elementor-element elementor-element-2fe7df8\" data-id=\"2fe7df8\" data-element_type=\"column\">\n\t\t\t<div class=\"elementor-widget-wrap elementor-element-populated\">\n\t\t\t\t\t\t<div class=\"elementor-element elementor-element-64f4655 elementor-cta--skin-cover elementor-cta--valign-middle elementor-animated-content elementor-bg-transform elementor-bg-transform-zoom-in elementor-widget elementor-widget-call-to-action\" data-id=\"64f4655\" data-element_type=\"widget\" data-widget_type=\"call-to-action.default\">\n\t\t\t\t<div class=\"elementor-widget-container\">\n\t\t\t\t\t<div class=\"elementor-cta\">\n\t\t\t\t\t<div class=\"elementor-cta__bg-wrapper\">\n\t\t\t\t<div class=\"elementor-cta__bg elementor-bg\" style=\"background-image: url(https:\/\/conticertocontabilidade.com.br\/wp-content\/uploads\/2023\/07\/paperwork.jpg);\" role=\"img\" aria-label=\"Close-up image of business partners working with financial documents\"><\/div>\n\t\t\t\t<div class=\"elementor-cta__bg-overlay\"><\/div>\n\t\t\t<\/div>\n\t\t\t\t\t\t\t<div class=\"elementor-cta__content\">\n\t\t\t\t\n\t\t\t\t\t\t\t\t\t<h2 class=\"elementor-cta__title elementor-cta__content-item elementor-content-item elementor-animated-item--grow\">\n\t\t\t\t\t\tDeseja migrar de contabilidade?\t\t\t\t\t<\/h2>\n\t\t\t\t\n\t\t\t\t\t\t\t\t\t<div class=\"elementor-cta__description elementor-cta__content-item elementor-content-item elementor-animated-item--grow\">\n\t\t\t\t\t\tEntre em contato conosco e fa\u00e7a a sua migra\u00e7\u00e3o para a Conticerto!\t\t\t\t\t<\/div>\n\t\t\t\t\n\t\t\t\t\t\t\t\t\t<div class=\"elementor-cta__button-wrapper elementor-cta__content-item elementor-content-item elementor-animated-item--grow\">\n\t\t\t\t\t<a class=\"elementor-cta__button elementor-button elementor-size-sm\" href=\"#elementor-action%3Aaction%3Dpopup%3Aopen%26settings%3DeyJpZCI6IjQ1OCIsInRvZ2dsZSI6ZmFsc2V9\">\n\t\t\t\t\t\tSaiba mais\t\t\t\t\t<\/a>\n\t\t\t\t\t<\/div>\n\t\t\t\t\t\t\t<\/div>\n\t\t\t\t\t\t<\/div>\n\t\t\t\t<\/div>\n\t\t\t\t<\/div>\n\t\t\t\t\t<\/div>\n\t\t<\/div>\n\t\t\t\t\t<\/div>\n\t\t<\/section>\n\t\t\t\t<\/div>\n\t\t","protected":false},"excerpt":{"rendered":"<p>Administra\u00e7\u00e3o Empresarial A abertura de uma empresa consiste num processo com v\u00e1rias fases e pagamento de taxas e declara\u00e7\u00f5es \u00e0 Receita Federal. Cuidamos de todo esse processo para voc\u00ea, ou seja, com a entrega dos documentos corretos, n\u00f3s devolvemos a documenta\u00e7\u00e3o necess\u00e1ria para o funcionamento de sua empresa, como o CNPJ (Cadastro Nacional da Pessoa [&hellip;]<\/p>\n","protected":false},"author":1,"featured_media":0,"parent":0,"menu_order":0,"comment_status":"closed","ping_status":"closed","template":"elementor_header_footer","meta":{"_joinchat":[],"footnotes":""},"class_list":["post-369","page","type-page","status-publish","hentry"],"_links":{"self":[{"href":"https:\/\/conticertocontabilidade.com.br\/index.php?rest_route=\/wp\/v2\/pages\/369","targetHints":{"allow":["GET"]}}],"collection":[{"href":"https:\/\/conticertocontabilidade.com.br\/index.php?rest_route=\/wp\/v2\/pages"}],"about":[{"href":"https:\/\/conticertocontabilidade.com.br\/index.php?rest_route=\/wp\/v2\/types\/page"}],"author":[{"embeddable":true,"href":"https:\/\/conticertocontabilidade.com.br\/index.php?rest_route=\/wp\/v2\/users\/1"}],"replies":[{"embeddable":true,"href":"https:\/\/conticertocontabilidade.com.br\/index.php?rest_route=%2Fwp%2Fv2%2Fcomments&post=369"}],"version-history":[{"count":34,"href":"https:\/\/conticertocontabilidade.com.br\/index.php?rest_route=\/wp\/v2\/pages\/369\/revisions"}],"predecessor-version":[{"id":540,"href":"https:\/\/conticertocontabilidade.com.br\/index.php?rest_route=\/wp\/v2\/pages\/369\/revisions\/540"}],"wp:attachment":[{"href":"https:\/\/conticertocontabilidade.com.br\/index.php?rest_route=%2Fwp%2Fv2%2Fmedia&parent=369"}],"curies":[{"name":"wp","href":"https:\/\/api.w.org\/{rel}","templated":true}]}}